{"id":113,"date":"2021-09-14T12:27:45","date_gmt":"2021-09-14T12:27:45","guid":{"rendered":"https:\/\/tvh.mb7x.de\/?page_id=113"},"modified":"2021-09-14T12:46:12","modified_gmt":"2021-09-14T12:46:12","slug":"lauftreff","status":"publish","type":"page","link":"https:\/\/tvh.mb7x.de\/index.php\/lauftreff\/","title":{"rendered":"Lauftreff"},"content":{"rendered":"\n<p><strong>Trainingszeiten: Mittwochs,&nbsp;19.30 &#8211; 21.00 Uhr Erwachsene<\/strong><\/p>\n\n\n\n<p><a href=\"mailto:lauftreff.tvh@gmail.com\">lauftreff.tvh@gmail.com<\/a><\/p>\n\n\n\n<p class=\"has-text-align-left\">Wir sind ein kleiner Lauftreff mit ca. 20 Laufinteressierten, der 2005 gegr\u00fcndet wurde.<br>Mittwochs um 19:30Uhr treffen wir uns an der Waldbachschule in Eltville-Hattenheim zum gemeinsamen Training. Gelaufen wird meist eine Runde von ca. 10 km durch die Weinberge &#8211; je nach Teilnehmerzahl, Jahreszeit und Wetter variieren wir unser Programm auch gerne. So bildet sich manchmal eine kleine Gruppe, die etwas gem\u00fctlicher und weniger lang am Rhein trainiert, an hei\u00dfen Sommerabenden fahren wir gerne zuerst mit dem Wagen an die k\u00fchle Hallgartener Zange.<br>Per WhatsApp-Gruppe verabreden wir uns auch regelm\u00e4\u00dfig zu Extral\u00e4ufen, z.B. f\u00fcr lange Einheiten in der Marathonvorbereitung.<br>Monatlich findet unser geselliger Lauftreff-Treff statt, den wir in Gastst\u00e4tten oder bei Freunden abhalten, um zusammen das ein oder andere Glas Wein zu genie\u00dfen und etwas zu speisen.<br>Auch am Wettk\u00e4mpfen nehmen wir regelm\u00e4\u00dfig teil, weltweit, von 10 km-Strecken bis hin zu Marathons und sogar Ultral\u00e4ufen.<br>Jedermann, der mindestens eine Strecke von etwa 6-7 km im Tempo von 8 km\/h durchh\u00e4lt, ist herzlich eingeladen sich uns anzuschlie\u00dfen.<\/p>\n\n\n\n<div class=\"wp-block-columns is-layout-flex wp-container-core-columns-is-layout-9d6595d7 wp-block-columns-is-layout-flex\">\n<div class=\"wp-block-column is-layout-flow wp-block-column-is-layout-flow\" style=\"flex-basis:100%\">\n<div class=\"wp-block-image\"><figure class=\"aligncenter size-large\"><img fetchpriority=\"high\" decoding=\"async\" width=\"1024\" height=\"683\" src=\"https:\/\/tvh.mb7x.de\/wp-content\/uploads\/2021\/09\/DSCF8967-1024x683.jpg\" alt=\"\" class=\"wp-image-117\" srcset=\"https:\/\/tvh.mb7x.de\/wp-content\/uploads\/2021\/09\/DSCF8967-1024x683.jpg 1024w, https:\/\/tvh.mb7x.de\/wp-content\/uploads\/2021\/09\/DSCF8967-300x200.jpg 300w, https:\/\/tvh.mb7x.de\/wp-content\/uploads\/2021\/09\/DSCF8967-768x512.jpg 768w, https:\/\/tvh.mb7x.de\/wp-content\/uploads\/2021\/09\/DSCF8967.jpg 1224w\" sizes=\"(max-width: 1024px) 100vw, 1024px\" \/><\/figure><\/div>\n\n\n\n<div class=\"wp-block-image\"><figure class=\"aligncenter size-full\"><img decoding=\"async\" width=\"816\" height=\"544\" src=\"https:\/\/tvh.mb7x.de\/wp-content\/uploads\/2021\/09\/DSCF8988.jpg\" alt=\"\" class=\"wp-image-118\" srcset=\"https:\/\/tvh.mb7x.de\/wp-content\/uploads\/2021\/09\/DSCF8988.jpg 816w, https:\/\/tvh.mb7x.de\/wp-content\/uploads\/2021\/09\/DSCF8988-300x200.jpg 300w, https:\/\/tvh.mb7x.de\/wp-content\/uploads\/2021\/09\/DSCF8988-768x512.jpg 768w\" sizes=\"(max-width: 816px) 100vw, 816px\" \/><\/figure><\/div>\n\n\n\n<div class=\"wp-block-image\"><figure class=\"aligncenter size-full\"><img decoding=\"async\" width=\"816\" height=\"544\" src=\"https:\/\/tvh.mb7x.de\/wp-content\/uploads\/2021\/09\/DSCF9007.jpg\" alt=\"\" class=\"wp-image-119\" srcset=\"https:\/\/tvh.mb7x.de\/wp-content\/uploads\/2021\/09\/DSCF9007.jpg 816w, https:\/\/tvh.mb7x.de\/wp-content\/uploads\/2021\/09\/DSCF9007-300x200.jpg 300w, https:\/\/tvh.mb7x.de\/wp-content\/uploads\/2021\/09\/DSCF9007-768x512.jpg 768w\" sizes=\"(max-width: 816px) 100vw, 816px\" \/><\/figure><\/div>\n<\/div>\n<\/div>\n\n\n\n<p>Ihr Ansprechpartner:\u00a0 Frank Wildermuth<\/p>\n","protected":false},"excerpt":{"rendered":"<p>Trainingszeiten: Mittwochs,&nbsp;19.30 &#8211; 21.00 Uhr Erwachsene lauftreff.tvh@gmail.com Wir sind ein kleiner Lauftreff mit ca. 20 Laufinteressierten, der 2005 gegr\u00fcndet wurde.Mittwochs um 19:30Uhr treffen wir uns an der Waldbachschule in Eltville-Hattenheim zum gemeinsamen Training. Gelaufen wird meist eine Runde von ca. 10 km durch die Weinberge &#8211; je nach Teilnehmerzahl, Jahreszeit und Wetter variieren wir unser &hellip;<\/p>\n<p class=\"read-more\"> <a class=\"\" href=\"https:\/\/tvh.mb7x.de\/index.php\/lauftreff\/\"> <span class=\"screen-reader-text\">Lauftreff<\/span> Weiterlesen &raquo;<\/a><\/p>\n","protected":false},"author":1,"featured_media":0,"parent":0,"menu_order":0,"comment_status":"closed","ping_status":"closed","template":"","meta":{"site-sidebar-layout":"default","site-content-layout":"default","ast-main-header-display":"","ast-hfb-above-header-display":"","ast-hfb-below-header-display":"","ast-hfb-mobile-header-display":"","site-post-title":"","ast-breadcrumbs-content":"","ast-featured-img":"","footer-sml-layout":"","theme-transparent-header-meta":"default","adv-header-id-meta":"","stick-header-meta":"","header-above-stick-meta":"","header-main-stick-meta":"","header-below-stick-meta":"","footnotes":""},"class_list":["post-113","page","type-page","status-publish","hentry"],"_links":{"self":[{"href":"https:\/\/tvh.mb7x.de\/index.php\/wp-json\/wp\/v2\/pages\/113","targetHints":{"allow":["GET"]}}],"collection":[{"href":"https:\/\/tvh.mb7x.de\/index.php\/wp-json\/wp\/v2\/pages"}],"about":[{"href":"https:\/\/tvh.mb7x.de\/index.php\/wp-json\/wp\/v2\/types\/page"}],"author":[{"embeddable":true,"href":"https:\/\/tvh.mb7x.de\/index.php\/wp-json\/wp\/v2\/users\/1"}],"replies":[{"embeddable":true,"href":"https:\/\/tvh.mb7x.de\/index.php\/wp-json\/wp\/v2\/comments?post=113"}],"version-history":[{"count":3,"href":"https:\/\/tvh.mb7x.de\/index.php\/wp-json\/wp\/v2\/pages\/113\/revisions"}],"predecessor-version":[{"id":126,"href":"https:\/\/tvh.mb7x.de\/index.php\/wp-json\/wp\/v2\/pages\/113\/revisions\/126"}],"wp:attachment":[{"href":"https:\/\/tvh.mb7x.de\/index.php\/wp-json\/wp\/v2\/media?parent=113"}],"curies":[{"name":"wp","href":"https:\/\/api.w.org\/{rel}","templated":true}]}}