{"id":127,"date":"2021-09-14T12:48:12","date_gmt":"2021-09-14T12:48:12","guid":{"rendered":"https:\/\/tvh.mb7x.de\/?page_id=127"},"modified":"2021-09-14T12:48:12","modified_gmt":"2021-09-14T12:48:12","slug":"rueckenfitness","status":"publish","type":"page","link":"https:\/\/tvh.mb7x.de\/index.php\/rueckenfitness\/","title":{"rendered":"R\u00fcckenfitness"},"content":{"rendered":"\n<p><strong>Trainingszeiten: Montags, von 19.00 &#8211; 20.00 Uhr<\/strong><\/p>\n\n\n\n<p>Seit mehreren Jahren treffen sich etwa 20 M\u00e4nner und Frauen, um ihrem R\u00fccken etwas Gutes zu tun. Entstanden ist diese Gruppe aus einem zun\u00e4chst noch von der Krankenkasse mitfinanzierten R\u00fcckenschulkurs. Der Wunsch weiterhin R\u00fcckengymnastik zu betreiben, f\u00fchrte dazu, eine feste R\u00fcckenstunde einzurichten. Unser Programm besteht aus Aufw\u00e4rm\u00fcbungen, dem Kr\u00e4ftigen der R\u00fcckenmuskulatur sowie allen unterst\u00fctzenden Muskelgruppen sowie der Schulung von Koordination und Beweglichkeit.<\/p>\n\n\n\n<div class=\"wp-block-image\"><figure class=\"aligncenter size-full\"><img fetchpriority=\"high\" decoding=\"async\" width=\"800\" height=\"580\" src=\"https:\/\/tvh.mb7x.de\/wp-content\/uploads\/2021\/09\/Rueckenfitness.jpg\" alt=\"\" class=\"wp-image-128\" srcset=\"https:\/\/tvh.mb7x.de\/wp-content\/uploads\/2021\/09\/Rueckenfitness.jpg 800w, https:\/\/tvh.mb7x.de\/wp-content\/uploads\/2021\/09\/Rueckenfitness-300x218.jpg 300w, https:\/\/tvh.mb7x.de\/wp-content\/uploads\/2021\/09\/Rueckenfitness-768x557.jpg 768w\" sizes=\"(max-width: 800px) 100vw, 800px\" \/><\/figure><\/div>\n\n\n\n<p>\u00dcbungsleiterinnen: Marina Mesenholl und Pamela Stelzer<\/p>\n","protected":false},"excerpt":{"rendered":"<p>Trainingszeiten: Montags, von 19.00 &#8211; 20.00 Uhr Seit mehreren Jahren treffen sich etwa 20 M\u00e4nner und Frauen, um ihrem R\u00fccken etwas Gutes zu tun. Entstanden ist diese Gruppe aus einem zun\u00e4chst noch von der Krankenkasse mitfinanzierten R\u00fcckenschulkurs. Der Wunsch weiterhin R\u00fcckengymnastik zu betreiben, f\u00fchrte dazu, eine feste R\u00fcckenstunde einzurichten. Unser Programm besteht aus Aufw\u00e4rm\u00fcbungen, dem &hellip;<\/p>\n<p class=\"read-more\"> <a class=\"\" href=\"https:\/\/tvh.mb7x.de\/index.php\/rueckenfitness\/\"> <span class=\"screen-reader-text\">R\u00fcckenfitness<\/span> Weiterlesen &raquo;<\/a><\/p>\n","protected":false},"author":1,"featured_media":0,"parent":0,"menu_order":0,"comment_status":"closed","ping_status":"closed","template":"","meta":{"site-sidebar-layout":"default","site-content-layout":"default","ast-main-header-display":"","ast-hfb-above-header-display":"","ast-hfb-below-header-display":"","ast-hfb-mobile-header-display":"","site-post-title":"","ast-breadcrumbs-content":"","ast-featured-img":"","footer-sml-layout":"","theme-transparent-header-meta":"default","adv-header-id-meta":"","stick-header-meta":"","header-above-stick-meta":"","header-main-stick-meta":"","header-below-stick-meta":"","footnotes":""},"class_list":["post-127","page","type-page","status-publish","hentry"],"_links":{"self":[{"href":"https:\/\/tvh.mb7x.de\/index.php\/wp-json\/wp\/v2\/pages\/127","targetHints":{"allow":["GET"]}}],"collection":[{"href":"https:\/\/tvh.mb7x.de\/index.php\/wp-json\/wp\/v2\/pages"}],"about":[{"href":"https:\/\/tvh.mb7x.de\/index.php\/wp-json\/wp\/v2\/types\/page"}],"author":[{"embeddable":true,"href":"https:\/\/tvh.mb7x.de\/index.php\/wp-json\/wp\/v2\/users\/1"}],"replies":[{"embeddable":true,"href":"https:\/\/tvh.mb7x.de\/index.php\/wp-json\/wp\/v2\/comments?post=127"}],"version-history":[{"count":1,"href":"https:\/\/tvh.mb7x.de\/index.php\/wp-json\/wp\/v2\/pages\/127\/revisions"}],"predecessor-version":[{"id":130,"href":"https:\/\/tvh.mb7x.de\/index.php\/wp-json\/wp\/v2\/pages\/127\/revisions\/130"}],"wp:attachment":[{"href":"https:\/\/tvh.mb7x.de\/index.php\/wp-json\/wp\/v2\/media?parent=127"}],"curies":[{"name":"wp","href":"https:\/\/api.w.org\/{rel}","templated":true}]}}