{"id":160,"date":"2021-09-14T13:13:55","date_gmt":"2021-09-14T13:13:55","guid":{"rendered":"https:\/\/tvh.mb7x.de\/?page_id=160"},"modified":"2021-09-14T13:13:56","modified_gmt":"2021-09-14T13:13:56","slug":"turnen-allgemein-35-5-jahre","status":"publish","type":"page","link":"https:\/\/tvh.mb7x.de\/index.php\/turnen-allgemein-35-5-jahre\/","title":{"rendered":"Turnen allgemein 3,5 &#8211; 5 Jahre"},"content":{"rendered":"\n<p><strong>Trainingszeiten: Donnerstags, 14.30 &#8211; 15.30 Uhr<\/strong><\/p>\n\n\n\n<p>In dieser Stunde erobern die Kinder erstmals ohne die Hilfe Ihrer Eltern die Turnhalle und lernen dabei die verschiedenen Turnger\u00e4te und einfache Turn\u00fcbungen kennen. Es werden spielerisch die motorischen Grundfertigkeiten wie Laufen, Springen, Werfen, Schwingen, Rollen etc. gef\u00f6rdert. Dabei richten sich die \u00dcbungsleiter\/innen stets nach den individuellen F\u00e4higkeiten des Kindes. Die Kinder sollen einfach Spa\u00df an der Bewegung haben. Nat\u00fcrlich darf auch das spielerische Miteinander nicht zu kurz kommen.<\/p>\n\n\n\n<p>Ansprechpartner\/in: Melanie Taskin und Elke Schiekel<br>Helfer: Anja Baudisch<\/p>\n","protected":false},"excerpt":{"rendered":"<p>Trainingszeiten: Donnerstags, 14.30 &#8211; 15.30 Uhr In dieser Stunde erobern die Kinder erstmals ohne die Hilfe Ihrer Eltern die Turnhalle und lernen dabei die verschiedenen Turnger\u00e4te und einfache Turn\u00fcbungen kennen. Es werden spielerisch die motorischen Grundfertigkeiten wie Laufen, Springen, Werfen, Schwingen, Rollen etc. gef\u00f6rdert. Dabei richten sich die \u00dcbungsleiter\/innen stets nach den individuellen F\u00e4higkeiten des &hellip;<\/p>\n<p class=\"read-more\"> <a class=\"\" href=\"https:\/\/tvh.mb7x.de\/index.php\/turnen-allgemein-35-5-jahre\/\"> <span class=\"screen-reader-text\">Turnen allgemein 3,5 &#8211; 5 Jahre<\/span> Weiterlesen &raquo;<\/a><\/p>\n","protected":false},"author":1,"featured_media":0,"parent":0,"menu_order":0,"comment_status":"closed","ping_status":"closed","template":"","meta":{"site-sidebar-layout":"default","site-content-layout":"default","ast-main-header-display":"","ast-hfb-above-header-display":"","ast-hfb-below-header-display":"","ast-hfb-mobile-header-display":"","site-post-title":"","ast-breadcrumbs-content":"","ast-featured-img":"","footer-sml-layout":"","theme-transparent-header-meta":"default","adv-header-id-meta":"","stick-header-meta":"","header-above-stick-meta":"","header-main-stick-meta":"","header-below-stick-meta":"","footnotes":""},"class_list":["post-160","page","type-page","status-publish","hentry"],"_links":{"self":[{"href":"https:\/\/tvh.mb7x.de\/index.php\/wp-json\/wp\/v2\/pages\/160","targetHints":{"allow":["GET"]}}],"collection":[{"href":"https:\/\/tvh.mb7x.de\/index.php\/wp-json\/wp\/v2\/pages"}],"about":[{"href":"https:\/\/tvh.mb7x.de\/index.php\/wp-json\/wp\/v2\/types\/page"}],"author":[{"embeddable":true,"href":"https:\/\/tvh.mb7x.de\/index.php\/wp-json\/wp\/v2\/users\/1"}],"replies":[{"embeddable":true,"href":"https:\/\/tvh.mb7x.de\/index.php\/wp-json\/wp\/v2\/comments?post=160"}],"version-history":[{"count":1,"href":"https:\/\/tvh.mb7x.de\/index.php\/wp-json\/wp\/v2\/pages\/160\/revisions"}],"predecessor-version":[{"id":162,"href":"https:\/\/tvh.mb7x.de\/index.php\/wp-json\/wp\/v2\/pages\/160\/revisions\/162"}],"wp:attachment":[{"href":"https:\/\/tvh.mb7x.de\/index.php\/wp-json\/wp\/v2\/media?parent=160"}],"curies":[{"name":"wp","href":"https:\/\/api.w.org\/{rel}","templated":true}]}}