{"id":163,"date":"2021-09-14T13:15:20","date_gmt":"2021-09-14T13:15:20","guid":{"rendered":"https:\/\/tvh.mb7x.de\/?page_id=163"},"modified":"2021-09-14T13:15:20","modified_gmt":"2021-09-14T13:15:20","slug":"turnen-allgemein-5-6-jahre","status":"publish","type":"page","link":"https:\/\/tvh.mb7x.de\/index.php\/turnen-allgemein-5-6-jahre\/","title":{"rendered":"Turnen allgemein 5 &#8211; 6 Jahre"},"content":{"rendered":"\n<p><strong>Trainingszeiten:&nbsp;Donnerstags von 15:30 bis 16:30 Uhr<\/strong><\/p>\n\n\n\n<p>Die \u201eGummib\u00e4ren\u201c benutzen so ziemlich alle Ger\u00e4te, die in der Turnhalle zu finden sind, immer mit dem Ziel das Vertrauen in die&nbsp;Grundf\u00e4higkeiten im Klettern, Balancieren, Springen und Rollen zu st\u00e4rken und weiterzuentwickeln. Entweder bauen wir einzelne Ger\u00e4te auf, um gezielt leichte Elemente des Ger\u00e4teturnens zu \u00fcben oder wir mischen viele Gro\u00df-&nbsp;und Kleinger\u00e4te, um uns in Bewegungslandschaften auszutoben. Die Kinder und ich haben dabei immer viel Spa\u00df.<\/p>\n\n\n\n<div class=\"wp-block-image\"><figure class=\"aligncenter size-full\"><img fetchpriority=\"high\" decoding=\"async\" width=\"800\" height=\"800\" src=\"https:\/\/tvh.mb7x.de\/wp-content\/uploads\/2021\/09\/Kinderturnen_5-6.jpg\" alt=\"\" class=\"wp-image-164\" srcset=\"https:\/\/tvh.mb7x.de\/wp-content\/uploads\/2021\/09\/Kinderturnen_5-6.jpg 800w, https:\/\/tvh.mb7x.de\/wp-content\/uploads\/2021\/09\/Kinderturnen_5-6-300x300.jpg 300w, https:\/\/tvh.mb7x.de\/wp-content\/uploads\/2021\/09\/Kinderturnen_5-6-150x150.jpg 150w, https:\/\/tvh.mb7x.de\/wp-content\/uploads\/2021\/09\/Kinderturnen_5-6-768x768.jpg 768w\" sizes=\"(max-width: 800px) 100vw, 800px\" \/><\/figure><\/div>\n\n\n\n<p>Ansprechpartner\/in: Melanie Taskin und Elke Schiekel<br>Helfer: Nicole Hrobarsch<\/p>\n","protected":false},"excerpt":{"rendered":"<p>Trainingszeiten:&nbsp;Donnerstags von 15:30 bis 16:30 Uhr Die \u201eGummib\u00e4ren\u201c benutzen so ziemlich alle Ger\u00e4te, die in der Turnhalle zu finden sind, immer mit dem Ziel das Vertrauen in die&nbsp;Grundf\u00e4higkeiten im Klettern, Balancieren, Springen und Rollen zu st\u00e4rken und weiterzuentwickeln. Entweder bauen wir einzelne Ger\u00e4te auf, um gezielt leichte Elemente des Ger\u00e4teturnens zu \u00fcben oder wir mischen &hellip;<\/p>\n<p class=\"read-more\"> <a class=\"\" href=\"https:\/\/tvh.mb7x.de\/index.php\/turnen-allgemein-5-6-jahre\/\"> <span class=\"screen-reader-text\">Turnen allgemein 5 &#8211; 6 Jahre<\/span> Weiterlesen &raquo;<\/a><\/p>\n","protected":false},"author":1,"featured_media":0,"parent":0,"menu_order":0,"comment_status":"closed","ping_status":"closed","template":"","meta":{"site-sidebar-layout":"default","site-content-layout":"default","ast-main-header-display":"","ast-hfb-above-header-display":"","ast-hfb-below-header-display":"","ast-hfb-mobile-header-display":"","site-post-title":"","ast-breadcrumbs-content":"","ast-featured-img":"","footer-sml-layout":"","theme-transparent-header-meta":"default","adv-header-id-meta":"","stick-header-meta":"","header-above-stick-meta":"","header-main-stick-meta":"","header-below-stick-meta":"","footnotes":""},"class_list":["post-163","page","type-page","status-publish","hentry"],"_links":{"self":[{"href":"https:\/\/tvh.mb7x.de\/index.php\/wp-json\/wp\/v2\/pages\/163","targetHints":{"allow":["GET"]}}],"collection":[{"href":"https:\/\/tvh.mb7x.de\/index.php\/wp-json\/wp\/v2\/pages"}],"about":[{"href":"https:\/\/tvh.mb7x.de\/index.php\/wp-json\/wp\/v2\/types\/page"}],"author":[{"embeddable":true,"href":"https:\/\/tvh.mb7x.de\/index.php\/wp-json\/wp\/v2\/users\/1"}],"replies":[{"embeddable":true,"href":"https:\/\/tvh.mb7x.de\/index.php\/wp-json\/wp\/v2\/comments?post=163"}],"version-history":[{"count":1,"href":"https:\/\/tvh.mb7x.de\/index.php\/wp-json\/wp\/v2\/pages\/163\/revisions"}],"predecessor-version":[{"id":166,"href":"https:\/\/tvh.mb7x.de\/index.php\/wp-json\/wp\/v2\/pages\/163\/revisions\/166"}],"wp:attachment":[{"href":"https:\/\/tvh.mb7x.de\/index.php\/wp-json\/wp\/v2\/media?parent=163"}],"curies":[{"name":"wp","href":"https:\/\/api.w.org\/{rel}","templated":true}]}}