{"id":167,"date":"2021-09-14T13:16:48","date_gmt":"2021-09-14T13:16:48","guid":{"rendered":"https:\/\/tvh.mb7x.de\/?page_id=167"},"modified":"2021-09-14T13:16:49","modified_gmt":"2021-09-14T13:16:49","slug":"turnen-allgemein-ab-1-klasse","status":"publish","type":"page","link":"https:\/\/tvh.mb7x.de\/index.php\/turnen-allgemein-ab-1-klasse\/","title":{"rendered":"Turnen allgemein ab 1. Klasse"},"content":{"rendered":"\n<p><strong>Allgemeines Turnen ab der 1. Klasse<\/strong><br>Trainingszeiten: Montags, 15.00 &#8211; 16.00 Uhr\u00a0<\/p>\n\n\n\n<p>Hier in dieser allgemeinen Turngruppe sind alle Kinder ab der ersten Klasse herzlich willkommen. Wir lieben es zu spielen und damit es uns nicht zu langweilig wird, gestalten wir unsere Spiele komplex mit verschiedenen Herausforderungen sowohl&nbsp;f\u00fcr unsere Orientierung, unser Gleichgewicht und&nbsp;unser&nbsp;Geschick als auch unser koordinatives Denken und unsere Ausdauer. Dabei f\u00e4llt es uns gar nicht auf, dass auch&nbsp;unsere K\u00f6rperspannung und muskul\u00e4re Kraft zunimmt.<\/p>\n\n\n\n<p>Wir bereiten uns auch f\u00fcr die Ger\u00e4tturnmeisterschaften vor, jedoch darf jedes Kind \u00fcber eine Teilnahme selbst entscheiden. Das Wichtigste in unserer Turnstunde ist der Spa\u00df an der Bewegung. Wir freuen uns \u00fcber&nbsp;jedes Kind, das dies mit uns teilen m\u00f6chte.<\/p>\n\n\n\n<figure class=\"wp-block-image size-large\"><img fetchpriority=\"high\" decoding=\"async\" width=\"1024\" height=\"764\" src=\"https:\/\/tvh.mb7x.de\/wp-content\/uploads\/2021\/09\/DSC_0141-1-1024x764.jpg\" alt=\"\" class=\"wp-image-169\" srcset=\"https:\/\/tvh.mb7x.de\/wp-content\/uploads\/2021\/09\/DSC_0141-1-1024x764.jpg 1024w, https:\/\/tvh.mb7x.de\/wp-content\/uploads\/2021\/09\/DSC_0141-1-300x224.jpg 300w, https:\/\/tvh.mb7x.de\/wp-content\/uploads\/2021\/09\/DSC_0141-1-768x573.jpg 768w, https:\/\/tvh.mb7x.de\/wp-content\/uploads\/2021\/09\/DSC_0141-1-1536x1146.jpg 1536w, https:\/\/tvh.mb7x.de\/wp-content\/uploads\/2021\/09\/DSC_0141-1.jpg 1943w\" sizes=\"(max-width: 1024px) 100vw, 1024px\" \/><\/figure>\n\n\n\n<p>Ansprechpartner\/in: Pamela Stelzer(Ausbildung: B-Lizenz, Sport in der Pr\u00e4vention Gesundheitsf\u00f6rderung\u00a0im Kinderturnen)\u00a0<\/p>\n\n\n\n<p>Helfer: Nicole Hrobasch<\/p>\n","protected":false},"excerpt":{"rendered":"<p>Allgemeines Turnen ab der 1. KlasseTrainingszeiten: Montags, 15.00 &#8211; 16.00 Uhr\u00a0 Hier in dieser allgemeinen Turngruppe sind alle Kinder ab der ersten Klasse herzlich willkommen. Wir lieben es zu spielen und damit es uns nicht zu langweilig wird, gestalten wir unsere Spiele komplex mit verschiedenen Herausforderungen sowohl&nbsp;f\u00fcr unsere Orientierung, unser Gleichgewicht und&nbsp;unser&nbsp;Geschick als auch unser &hellip;<\/p>\n<p class=\"read-more\"> <a class=\"\" href=\"https:\/\/tvh.mb7x.de\/index.php\/turnen-allgemein-ab-1-klasse\/\"> <span class=\"screen-reader-text\">Turnen allgemein ab 1. Klasse<\/span> Weiterlesen &raquo;<\/a><\/p>\n","protected":false},"author":1,"featured_media":0,"parent":0,"menu_order":0,"comment_status":"closed","ping_status":"closed","template":"","meta":{"site-sidebar-layout":"default","site-content-layout":"default","ast-main-header-display":"","ast-hfb-above-header-display":"","ast-hfb-below-header-display":"","ast-hfb-mobile-header-display":"","site-post-title":"","ast-breadcrumbs-content":"","ast-featured-img":"","footer-sml-layout":"","theme-transparent-header-meta":"default","adv-header-id-meta":"","stick-header-meta":"","header-above-stick-meta":"","header-main-stick-meta":"","header-below-stick-meta":"","footnotes":""},"class_list":["post-167","page","type-page","status-publish","hentry"],"_links":{"self":[{"href":"https:\/\/tvh.mb7x.de\/index.php\/wp-json\/wp\/v2\/pages\/167","targetHints":{"allow":["GET"]}}],"collection":[{"href":"https:\/\/tvh.mb7x.de\/index.php\/wp-json\/wp\/v2\/pages"}],"about":[{"href":"https:\/\/tvh.mb7x.de\/index.php\/wp-json\/wp\/v2\/types\/page"}],"author":[{"embeddable":true,"href":"https:\/\/tvh.mb7x.de\/index.php\/wp-json\/wp\/v2\/users\/1"}],"replies":[{"embeddable":true,"href":"https:\/\/tvh.mb7x.de\/index.php\/wp-json\/wp\/v2\/comments?post=167"}],"version-history":[{"count":1,"href":"https:\/\/tvh.mb7x.de\/index.php\/wp-json\/wp\/v2\/pages\/167\/revisions"}],"predecessor-version":[{"id":171,"href":"https:\/\/tvh.mb7x.de\/index.php\/wp-json\/wp\/v2\/pages\/167\/revisions\/171"}],"wp:attachment":[{"href":"https:\/\/tvh.mb7x.de\/index.php\/wp-json\/wp\/v2\/media?parent=167"}],"curies":[{"name":"wp","href":"https:\/\/api.w.org\/{rel}","templated":true}]}}