{"id":190,"date":"2021-09-14T13:24:01","date_gmt":"2021-09-14T13:24:01","guid":{"rendered":"https:\/\/tvh.mb7x.de\/?page_id=190"},"modified":"2021-09-14T13:24:02","modified_gmt":"2021-09-14T13:24:02","slug":"experience","status":"publish","type":"page","link":"https:\/\/tvh.mb7x.de\/index.php\/experience\/","title":{"rendered":"Experience"},"content":{"rendered":"\n<p>Trainingszeiten: Donnerstags 17:00 bis 18:30 Uhr<\/p>\n\n\n\n<p>Wir sind eine lustige M\u00e4delsgruppe im Alter von 10-13 Jahren, die Spa\u00df am Tanzen haben.<\/p>\n\n\n\n<p>Die Gruppe besteht momentan aus 15 M\u00e4dels.&nbsp;Wir nehmen mit unseren Showt\u00e4nzen an Wettk\u00e4mpfen<\/p>\n\n\n\n<p>und Turnieren teil und auch in Hattenheim sind wir bei verschiedenen Veranstaltungen mit von der Partie.<\/p>\n\n\n\n<p>Jede\/r, die\/der Spa\u00df am Tanzen hat, ist bei uns herzlich willkommen.<\/p>\n\n\n\n<div class=\"wp-block-image\"><figure class=\"aligncenter size-full\"><img fetchpriority=\"high\" decoding=\"async\" width=\"640\" height=\"640\" src=\"https:\/\/tvh.mb7x.de\/wp-content\/uploads\/2021\/09\/Experience.jpg\" alt=\"\" class=\"wp-image-191\" srcset=\"https:\/\/tvh.mb7x.de\/wp-content\/uploads\/2021\/09\/Experience.jpg 640w, https:\/\/tvh.mb7x.de\/wp-content\/uploads\/2021\/09\/Experience-300x300.jpg 300w, https:\/\/tvh.mb7x.de\/wp-content\/uploads\/2021\/09\/Experience-150x150.jpg 150w\" sizes=\"(max-width: 640px) 100vw, 640px\" \/><\/figure><\/div>\n\n\n\n<p>Ansprechpartner\/in: Nancy N\u00fcdling<\/p>\n\n\n\n<p>unterst\u00fctzt von Anke Crass<\/p>\n","protected":false},"excerpt":{"rendered":"<p>Trainingszeiten: Donnerstags 17:00 bis 18:30 Uhr Wir sind eine lustige M\u00e4delsgruppe im Alter von 10-13 Jahren, die Spa\u00df am Tanzen haben. Die Gruppe besteht momentan aus 15 M\u00e4dels.&nbsp;Wir nehmen mit unseren Showt\u00e4nzen an Wettk\u00e4mpfen und Turnieren teil und auch in Hattenheim sind wir bei verschiedenen Veranstaltungen mit von der Partie. Jede\/r, die\/der Spa\u00df am Tanzen &hellip;<\/p>\n<p class=\"read-more\"> <a class=\"\" href=\"https:\/\/tvh.mb7x.de\/index.php\/experience\/\"> <span class=\"screen-reader-text\">Experience<\/span> Weiterlesen &raquo;<\/a><\/p>\n","protected":false},"author":1,"featured_media":0,"parent":0,"menu_order":0,"comment_status":"closed","ping_status":"closed","template":"","meta":{"site-sidebar-layout":"default","site-content-layout":"default","ast-main-header-display":"","ast-hfb-above-header-display":"","ast-hfb-below-header-display":"","ast-hfb-mobile-header-display":"","site-post-title":"","ast-breadcrumbs-content":"","ast-featured-img":"","footer-sml-layout":"","theme-transparent-header-meta":"default","adv-header-id-meta":"","stick-header-meta":"","header-above-stick-meta":"","header-main-stick-meta":"","header-below-stick-meta":"","footnotes":""},"class_list":["post-190","page","type-page","status-publish","hentry"],"_links":{"self":[{"href":"https:\/\/tvh.mb7x.de\/index.php\/wp-json\/wp\/v2\/pages\/190","targetHints":{"allow":["GET"]}}],"collection":[{"href":"https:\/\/tvh.mb7x.de\/index.php\/wp-json\/wp\/v2\/pages"}],"about":[{"href":"https:\/\/tvh.mb7x.de\/index.php\/wp-json\/wp\/v2\/types\/page"}],"author":[{"embeddable":true,"href":"https:\/\/tvh.mb7x.de\/index.php\/wp-json\/wp\/v2\/users\/1"}],"replies":[{"embeddable":true,"href":"https:\/\/tvh.mb7x.de\/index.php\/wp-json\/wp\/v2\/comments?post=190"}],"version-history":[{"count":1,"href":"https:\/\/tvh.mb7x.de\/index.php\/wp-json\/wp\/v2\/pages\/190\/revisions"}],"predecessor-version":[{"id":193,"href":"https:\/\/tvh.mb7x.de\/index.php\/wp-json\/wp\/v2\/pages\/190\/revisions\/193"}],"wp:attachment":[{"href":"https:\/\/tvh.mb7x.de\/index.php\/wp-json\/wp\/v2\/media?parent=190"}],"curies":[{"name":"wp","href":"https:\/\/api.w.org\/{rel}","templated":true}]}}