{"id":2,"date":"2021-01-24T09:16:29","date_gmt":"2021-01-24T09:16:29","guid":{"rendered":"https:\/\/v2.tv-hattenheim.de\/?page_id=2"},"modified":"2021-01-24T09:36:05","modified_gmt":"2021-01-24T09:36:05","slug":"sample-page","status":"publish","type":"page","link":"https:\/\/tvh.mb7x.de\/index.php\/sample-page\/","title":{"rendered":"Verein"},"content":{"rendered":"\n<p class=\"has-text-align-center\"><strong>Herzlich willkommen auf der Homepage<br>des<br>Turnverein Hattenheim 1909 e.V.<\/strong><\/p>\n\n\n\n<p class=\"has-text-align-center\">Auf diesen Seiten m\u00f6chten wir uns vorstellen und Sie \u00fcber unsere Aktivit\u00e4ten und Sportangebote informieren.<br>Wir w\u00fcrden uns freuen auch Sie schon bald als neues Mitglied in unserem Verein begr\u00fc\u00dfen zu d\u00fcrfen.<br><br><strong>Denn: Im Verein ist Sport am sch\u00f6nsten!<\/strong><\/p>\n","protected":false},"excerpt":{"rendered":"<p>Herzlich willkommen auf der HomepagedesTurnverein Hattenheim 1909 e.V. Auf diesen Seiten m\u00f6chten wir uns vorstellen und Sie \u00fcber unsere Aktivit\u00e4ten und Sportangebote informieren.Wir w\u00fcrden uns freuen auch Sie schon bald als neues Mitglied in unserem Verein begr\u00fc\u00dfen zu d\u00fcrfen. Denn: Im Verein ist Sport am sch\u00f6nsten!<\/p>\n","protected":false},"author":1,"featured_media":0,"parent":0,"menu_order":0,"comment_status":"closed","ping_status":"open","template":"","meta":{"site-sidebar-layout":"default","site-content-layout":"default","ast-main-header-display":"","ast-hfb-above-header-display":"","ast-hfb-below-header-display":"","ast-hfb-mobile-header-display":"","site-post-title":"","ast-breadcrumbs-content":"","ast-featured-img":"","footer-sml-layout":"","theme-transparent-header-meta":"default","adv-header-id-meta":"","stick-header-meta":"","header-above-stick-meta":"","header-main-stick-meta":"","header-below-stick-meta":"","footnotes":""},"class_list":["post-2","page","type-page","status-publish","hentry"],"_links":{"self":[{"href":"https:\/\/tvh.mb7x.de\/index.php\/wp-json\/wp\/v2\/pages\/2","targetHints":{"allow":["GET"]}}],"collection":[{"href":"https:\/\/tvh.mb7x.de\/index.php\/wp-json\/wp\/v2\/pages"}],"about":[{"href":"https:\/\/tvh.mb7x.de\/index.php\/wp-json\/wp\/v2\/types\/page"}],"author":[{"embeddable":true,"href":"https:\/\/tvh.mb7x.de\/index.php\/wp-json\/wp\/v2\/users\/1"}],"replies":[{"embeddable":true,"href":"https:\/\/tvh.mb7x.de\/index.php\/wp-json\/wp\/v2\/comments?post=2"}],"version-history":[{"count":1,"href":"https:\/\/tvh.mb7x.de\/index.php\/wp-json\/wp\/v2\/pages\/2\/revisions"}],"predecessor-version":[{"id":18,"href":"https:\/\/tvh.mb7x.de\/index.php\/wp-json\/wp\/v2\/pages\/2\/revisions\/18"}],"wp:attachment":[{"href":"https:\/\/tvh.mb7x.de\/index.php\/wp-json\/wp\/v2\/media?parent=2"}],"curies":[{"name":"wp","href":"https:\/\/api.w.org\/{rel}","templated":true}]}}